{"id":35696,"date":"2017-06-27T07:31:15","date_gmt":"2017-06-27T07:31:15","guid":{"rendered":"https:\/\/revuwire.com\/?page_id=35696\/"},"modified":"2017-06-27T07:31:15","modified_gmt":"2017-06-27T07:31:15","slug":"quienes-somos","status":"publish","type":"page","link":"https:\/\/revuwire.com\/es\/quienes-somos\/","title":{"rendered":"\u00bfQui\u00e9nes somos?"},"content":{"rendered":"<p><strong>Revuwire<\/strong><\/p>\n<p>Revuwire es un vig\u00eda de la internet de calidad. Nosotros clasificamos los mejores sitios web, aplicativos y soluciones en la internet por calidad y voto popular. Nosotros usamos todos los tipos de m\u00e9tricas como datos, como visitas mensuales, intercambio social y reputaci\u00f3n online. Adem\u00e1s, nosotros nos mantenemos actualizados con las evoluciones en la web, y preferimos mostrarlo visualmente con gr\u00e1ficos, infogr\u00e1ficos y publicaciones cortas de blog.<\/p>\n<p><strong>Contacto<\/strong><\/p>\n<p>\u00bfLe parece que si sitio deber\u00eda estar listado? Si\u00e9ntese libre para contactarnos a trav\u00e9s de\u00a0staff@revuwire.com<\/p>\n","protected":false},"excerpt":{"rendered":"<p>Revuwire Revuwire es un vig\u00eda de la internet de calidad. Nosotros clasificamos los mejores sitios web, aplicativos y soluciones en la internet por calidad y voto popular. Nosotros usamos todos los tipos de m\u00e9tricas como datos, como visitas mensuales, intercambio social y reputaci\u00f3n online. Adem\u00e1s, nosotros nos mantenemos actualizados con las evoluciones en la web,&#8230;<\/p>\n","protected":false},"author":3,"featured_media":0,"parent":0,"menu_order":0,"comment_status":"closed","ping_status":"closed","template":"","meta":{"_acf_changed":false,"footnotes":""},"class_list":["post-35696","page","type-page","status-publish","hentry"],"acf":[],"yoast_head":"<!-- This site is optimized with the Yoast SEO plugin v27.4 - https:\/\/yoast.com\/product\/yoast-seo-wordpress\/ -->\n<title>\u00bfQui\u00e9nes somos? &#8226; Revuwire<\/title>\n<meta name=\"robots\" content=\"index, follow, max-snippet:-1, max-image-preview:large, max-video-preview:-1\" \/>\n<meta property=\"og:locale\" content=\"es_ES\" \/>\n<meta property=\"og:type\" content=\"article\" \/>\n<meta property=\"og:title\" content=\"\u00bfQui\u00e9nes somos? &#8226; Revuwire\" \/>\n<meta property=\"og:description\" content=\"Revuwire Revuwire es un vig\u00eda de la internet de calidad. Nosotros clasificamos los mejores sitios web, aplicativos y soluciones en la internet por calidad y voto popular. Nosotros usamos todos los tipos de m\u00e9tricas como datos, como visitas mensuales, intercambio social y reputaci\u00f3n online. Adem\u00e1s, nosotros nos mantenemos actualizados con las evoluciones en la web,...\" \/>\n<meta property=\"og:url\" content=\"https:\/\/revuwire.com\/es\/quienes-somos\/\" \/>\n<meta property=\"og:site_name\" content=\"Revuwire\" \/>\n<script type=\"application\/ld+json\" class=\"yoast-schema-graph\">{\"@context\":\"https:\\\/\\\/schema.org\",\"@graph\":[{\"@type\":\"WebPage\",\"@id\":\"https:\\\/\\\/revuwire.com\\\/es\\\/quienes-somos\\\/\",\"url\":\"https:\\\/\\\/revuwire.com\\\/es\\\/quienes-somos\\\/\",\"name\":\"\u00bfQui\u00e9nes somos? &#8226; Revuwire\",\"isPartOf\":{\"@id\":\"https:\\\/\\\/revuwire.com\\\/#website\"},\"datePublished\":\"2017-06-27T07:31:15+00:00\",\"breadcrumb\":{\"@id\":\"https:\\\/\\\/revuwire.com\\\/es\\\/quienes-somos\\\/#breadcrumb\"},\"inLanguage\":\"es\",\"potentialAction\":[{\"@type\":\"ReadAction\",\"target\":[\"https:\\\/\\\/revuwire.com\\\/es\\\/quienes-somos\\\/\"]}]},{\"@type\":\"BreadcrumbList\",\"@id\":\"https:\\\/\\\/revuwire.com\\\/es\\\/quienes-somos\\\/#breadcrumb\",\"itemListElement\":[{\"@type\":\"ListItem\",\"position\":1,\"name\":\"Home\",\"item\":\"https:\\\/\\\/revuwire.com\\\/\"},{\"@type\":\"ListItem\",\"position\":2,\"name\":\"\u00bfQui\u00e9nes somos?\"}]},{\"@type\":\"WebSite\",\"@id\":\"https:\\\/\\\/revuwire.com\\\/#website\",\"url\":\"https:\\\/\\\/revuwire.com\\\/\",\"name\":\"Revuwire\",\"description\":\"Internet Marketing Blog &amp; Best Websites Per Niche Aggregate\",\"publisher\":{\"@id\":\"https:\\\/\\\/revuwire.com\\\/#organization\"},\"potentialAction\":[{\"@type\":\"SearchAction\",\"target\":{\"@type\":\"EntryPoint\",\"urlTemplate\":\"https:\\\/\\\/revuwire.com\\\/?s={search_term_string}\"},\"query-input\":{\"@type\":\"PropertyValueSpecification\",\"valueRequired\":true,\"valueName\":\"search_term_string\"}}],\"inLanguage\":\"es\"},{\"@type\":\"Organization\",\"@id\":\"https:\\\/\\\/revuwire.com\\\/#organization\",\"name\":\"Revuwire\",\"url\":\"https:\\\/\\\/revuwire.com\\\/\",\"logo\":{\"@type\":\"ImageObject\",\"inLanguage\":\"es\",\"@id\":\"https:\\\/\\\/revuwire.com\\\/#\\\/schema\\\/logo\\\/image\\\/\",\"url\":\"https:\\\/\\\/i0.wp.com\\\/revuwire.com\\\/wp-content\\\/uploads\\\/2025\\\/01\\\/revuwire-logo.jpg?fit=222%2C67&ssl=1\",\"contentUrl\":\"https:\\\/\\\/i0.wp.com\\\/revuwire.com\\\/wp-content\\\/uploads\\\/2025\\\/01\\\/revuwire-logo.jpg?fit=222%2C67&ssl=1\",\"width\":222,\"height\":67,\"caption\":\"Revuwire\"},\"image\":{\"@id\":\"https:\\\/\\\/revuwire.com\\\/#\\\/schema\\\/logo\\\/image\\\/\"}}]}<\/script>\n<!-- \/ Yoast SEO plugin. -->","yoast_head_json":{"title":"\u00bfQui\u00e9nes somos? &#8226; Revuwire","robots":{"index":"index","follow":"follow","max-snippet":"max-snippet:-1","max-image-preview":"max-image-preview:large","max-video-preview":"max-video-preview:-1"},"og_locale":"es_ES","og_type":"article","og_title":"\u00bfQui\u00e9nes somos? &#8226; Revuwire","og_description":"Revuwire Revuwire es un vig\u00eda de la internet de calidad. Nosotros clasificamos los mejores sitios web, aplicativos y soluciones en la internet por calidad y voto popular. Nosotros usamos todos los tipos de m\u00e9tricas como datos, como visitas mensuales, intercambio social y reputaci\u00f3n online. Adem\u00e1s, nosotros nos mantenemos actualizados con las evoluciones en la web,...","og_url":"https:\/\/revuwire.com\/es\/quienes-somos\/","og_site_name":"Revuwire","schema":{"@context":"https:\/\/schema.org","@graph":[{"@type":"WebPage","@id":"https:\/\/revuwire.com\/es\/quienes-somos\/","url":"https:\/\/revuwire.com\/es\/quienes-somos\/","name":"\u00bfQui\u00e9nes somos? &#8226; Revuwire","isPartOf":{"@id":"https:\/\/revuwire.com\/#website"},"datePublished":"2017-06-27T07:31:15+00:00","breadcrumb":{"@id":"https:\/\/revuwire.com\/es\/quienes-somos\/#breadcrumb"},"inLanguage":"es","potentialAction":[{"@type":"ReadAction","target":["https:\/\/revuwire.com\/es\/quienes-somos\/"]}]},{"@type":"BreadcrumbList","@id":"https:\/\/revuwire.com\/es\/quienes-somos\/#breadcrumb","itemListElement":[{"@type":"ListItem","position":1,"name":"Home","item":"https:\/\/revuwire.com\/"},{"@type":"ListItem","position":2,"name":"\u00bfQui\u00e9nes somos?"}]},{"@type":"WebSite","@id":"https:\/\/revuwire.com\/#website","url":"https:\/\/revuwire.com\/","name":"Revuwire","description":"Internet Marketing Blog &amp; Best Websites Per Niche Aggregate","publisher":{"@id":"https:\/\/revuwire.com\/#organization"},"potentialAction":[{"@type":"SearchAction","target":{"@type":"EntryPoint","urlTemplate":"https:\/\/revuwire.com\/?s={search_term_string}"},"query-input":{"@type":"PropertyValueSpecification","valueRequired":true,"valueName":"search_term_string"}}],"inLanguage":"es"},{"@type":"Organization","@id":"https:\/\/revuwire.com\/#organization","name":"Revuwire","url":"https:\/\/revuwire.com\/","logo":{"@type":"ImageObject","inLanguage":"es","@id":"https:\/\/revuwire.com\/#\/schema\/logo\/image\/","url":"https:\/\/i0.wp.com\/revuwire.com\/wp-content\/uploads\/2025\/01\/revuwire-logo.jpg?fit=222%2C67&ssl=1","contentUrl":"https:\/\/i0.wp.com\/revuwire.com\/wp-content\/uploads\/2025\/01\/revuwire-logo.jpg?fit=222%2C67&ssl=1","width":222,"height":67,"caption":"Revuwire"},"image":{"@id":"https:\/\/revuwire.com\/#\/schema\/logo\/image\/"}}]}},"jetpack_sharing_enabled":true,"_links":{"self":[{"href":"https:\/\/revuwire.com\/es\/wp-json\/wp\/v2\/pages\/35696","targetHints":{"allow":["GET"]}}],"collection":[{"href":"https:\/\/revuwire.com\/es\/wp-json\/wp\/v2\/pages"}],"about":[{"href":"https:\/\/revuwire.com\/es\/wp-json\/wp\/v2\/types\/page"}],"author":[{"embeddable":true,"href":"https:\/\/revuwire.com\/es\/wp-json\/wp\/v2\/users\/3"}],"replies":[{"embeddable":true,"href":"https:\/\/revuwire.com\/es\/wp-json\/wp\/v2\/comments?post=35696"}],"version-history":[{"count":0,"href":"https:\/\/revuwire.com\/es\/wp-json\/wp\/v2\/pages\/35696\/revisions"}],"wp:attachment":[{"href":"https:\/\/revuwire.com\/es\/wp-json\/wp\/v2\/media?parent=35696"}],"curies":[{"name":"wp","href":"https:\/\/api.w.org\/{rel}","templated":true}]}}