{"id":35694,"date":"2017-06-27T07:29:56","date_gmt":"2017-06-27T07:29:56","guid":{"rendered":"https:\/\/revuwire.com\/?page_id=35694\/"},"modified":"2017-06-27T07:29:56","modified_gmt":"2017-06-27T07:29:56","slug":"qui-sommes-nous","status":"publish","type":"page","link":"https:\/\/revuwire.com\/fr\/qui-sommes-nous\/","title":{"rendered":"Qui sommes-nous?"},"content":{"rendered":"<p><strong>Revuwire<\/strong><\/p>\n<p>Revuwire est le chien de garde de la qualit\u00e9 internet. Nous classons les meilleurs sites, les applications et les solutions internet par la qualit\u00e9 et le vote populaire. Nous utilisons toutes sortes de param\u00e8tres comme donn\u00e9es, tel que les visiteurs par mois, le partage social et la r\u00e9putation en ligne. \u00c0 c\u00f4t\u00e9 de cela, nous suivons l\u2019\u00e9volution sur le web et on pr\u00e9f\u00e8re montrer visuellement cela avec des graphes, des infographies et des articles de blog courts.<\/p>\n<p><strong>Contact<\/strong><\/p>\n<p>Pensez-vous que votre site devrait \u00eatre list\u00e9? N\u2019h\u00e9sitez pas \u00e0 nous contacter via\u00a0staff@revuwire.com<\/p>\n","protected":false},"excerpt":{"rendered":"<p>Revuwire Revuwire est le chien de garde de la qualit\u00e9 internet. Nous classons les meilleurs sites, les applications et les solutions internet par la qualit\u00e9 et le vote populaire. Nous utilisons toutes sortes de param\u00e8tres comme donn\u00e9es, tel que les visiteurs par mois, le partage social et la r\u00e9putation en ligne. \u00c0 c\u00f4t\u00e9 de cela,&#8230;<\/p>\n","protected":false},"author":3,"featured_media":0,"parent":0,"menu_order":0,"comment_status":"closed","ping_status":"closed","template":"","meta":{"_acf_changed":false,"footnotes":""},"class_list":["post-35694","page","type-page","status-publish","hentry"],"acf":[],"yoast_head":"<!-- This site is optimized with the Yoast SEO plugin v27.5 - https:\/\/yoast.com\/product\/yoast-seo-wordpress\/ -->\n<title>Qui sommes-nous? &#8226; Revuwire<\/title>\n<meta name=\"robots\" content=\"index, follow, max-snippet:-1, max-image-preview:large, max-video-preview:-1\" \/>\n<meta property=\"og:locale\" content=\"fr_FR\" \/>\n<meta property=\"og:type\" content=\"article\" \/>\n<meta property=\"og:title\" content=\"Qui sommes-nous? &#8226; Revuwire\" \/>\n<meta property=\"og:description\" content=\"Revuwire Revuwire est le chien de garde de la qualit\u00e9 internet. Nous classons les meilleurs sites, les applications et les solutions internet par la qualit\u00e9 et le vote populaire. Nous utilisons toutes sortes de param\u00e8tres comme donn\u00e9es, tel que les visiteurs par mois, le partage social et la r\u00e9putation en ligne. \u00c0 c\u00f4t\u00e9 de cela,...\" \/>\n<meta property=\"og:url\" content=\"https:\/\/revuwire.com\/fr\/qui-sommes-nous\/\" \/>\n<meta property=\"og:site_name\" content=\"Revuwire\" \/>\n<meta name=\"twitter:label1\" content=\"Dur\u00e9e de lecture estim\u00e9e\" \/>\n\t<meta name=\"twitter:data1\" content=\"1 minute\" \/>\n<script type=\"application\/ld+json\" class=\"yoast-schema-graph\">{\"@context\":\"https:\\\/\\\/schema.org\",\"@graph\":[{\"@type\":\"WebPage\",\"@id\":\"https:\\\/\\\/revuwire.com\\\/fr\\\/qui-sommes-nous\\\/\",\"url\":\"https:\\\/\\\/revuwire.com\\\/fr\\\/qui-sommes-nous\\\/\",\"name\":\"Qui sommes-nous? &#8226; Revuwire\",\"isPartOf\":{\"@id\":\"https:\\\/\\\/revuwire.com\\\/#website\"},\"datePublished\":\"2017-06-27T07:29:56+00:00\",\"breadcrumb\":{\"@id\":\"https:\\\/\\\/revuwire.com\\\/fr\\\/qui-sommes-nous\\\/#breadcrumb\"},\"inLanguage\":\"fr-FR\",\"potentialAction\":[{\"@type\":\"ReadAction\",\"target\":[\"https:\\\/\\\/revuwire.com\\\/fr\\\/qui-sommes-nous\\\/\"]}]},{\"@type\":\"BreadcrumbList\",\"@id\":\"https:\\\/\\\/revuwire.com\\\/fr\\\/qui-sommes-nous\\\/#breadcrumb\",\"itemListElement\":[{\"@type\":\"ListItem\",\"position\":1,\"name\":\"Home\",\"item\":\"https:\\\/\\\/revuwire.com\\\/\"},{\"@type\":\"ListItem\",\"position\":2,\"name\":\"Qui sommes-nous?\"}]},{\"@type\":\"WebSite\",\"@id\":\"https:\\\/\\\/revuwire.com\\\/#website\",\"url\":\"https:\\\/\\\/revuwire.com\\\/\",\"name\":\"Revuwire\",\"description\":\"Internet Marketing Blog &amp; Best Websites Per Niche Aggregate\",\"publisher\":{\"@id\":\"https:\\\/\\\/revuwire.com\\\/#organization\"},\"potentialAction\":[{\"@type\":\"SearchAction\",\"target\":{\"@type\":\"EntryPoint\",\"urlTemplate\":\"https:\\\/\\\/revuwire.com\\\/?s={search_term_string}\"},\"query-input\":{\"@type\":\"PropertyValueSpecification\",\"valueRequired\":true,\"valueName\":\"search_term_string\"}}],\"inLanguage\":\"fr-FR\"},{\"@type\":\"Organization\",\"@id\":\"https:\\\/\\\/revuwire.com\\\/#organization\",\"name\":\"Revuwire\",\"url\":\"https:\\\/\\\/revuwire.com\\\/\",\"logo\":{\"@type\":\"ImageObject\",\"inLanguage\":\"fr-FR\",\"@id\":\"https:\\\/\\\/revuwire.com\\\/#\\\/schema\\\/logo\\\/image\\\/\",\"url\":\"https:\\\/\\\/i0.wp.com\\\/revuwire.com\\\/wp-content\\\/uploads\\\/2025\\\/01\\\/revuwire-logo.jpg?fit=222%2C67&ssl=1\",\"contentUrl\":\"https:\\\/\\\/i0.wp.com\\\/revuwire.com\\\/wp-content\\\/uploads\\\/2025\\\/01\\\/revuwire-logo.jpg?fit=222%2C67&ssl=1\",\"width\":222,\"height\":67,\"caption\":\"Revuwire\"},\"image\":{\"@id\":\"https:\\\/\\\/revuwire.com\\\/#\\\/schema\\\/logo\\\/image\\\/\"}}]}<\/script>\n<!-- \/ Yoast SEO plugin. -->","yoast_head_json":{"title":"Qui sommes-nous? &#8226; Revuwire","robots":{"index":"index","follow":"follow","max-snippet":"max-snippet:-1","max-image-preview":"max-image-preview:large","max-video-preview":"max-video-preview:-1"},"og_locale":"fr_FR","og_type":"article","og_title":"Qui sommes-nous? &#8226; Revuwire","og_description":"Revuwire Revuwire est le chien de garde de la qualit\u00e9 internet. Nous classons les meilleurs sites, les applications et les solutions internet par la qualit\u00e9 et le vote populaire. Nous utilisons toutes sortes de param\u00e8tres comme donn\u00e9es, tel que les visiteurs par mois, le partage social et la r\u00e9putation en ligne. \u00c0 c\u00f4t\u00e9 de cela,...","og_url":"https:\/\/revuwire.com\/fr\/qui-sommes-nous\/","og_site_name":"Revuwire","twitter_misc":{"Dur\u00e9e de lecture estim\u00e9e":"1 minute"},"schema":{"@context":"https:\/\/schema.org","@graph":[{"@type":"WebPage","@id":"https:\/\/revuwire.com\/fr\/qui-sommes-nous\/","url":"https:\/\/revuwire.com\/fr\/qui-sommes-nous\/","name":"Qui sommes-nous? &#8226; Revuwire","isPartOf":{"@id":"https:\/\/revuwire.com\/#website"},"datePublished":"2017-06-27T07:29:56+00:00","breadcrumb":{"@id":"https:\/\/revuwire.com\/fr\/qui-sommes-nous\/#breadcrumb"},"inLanguage":"fr-FR","potentialAction":[{"@type":"ReadAction","target":["https:\/\/revuwire.com\/fr\/qui-sommes-nous\/"]}]},{"@type":"BreadcrumbList","@id":"https:\/\/revuwire.com\/fr\/qui-sommes-nous\/#breadcrumb","itemListElement":[{"@type":"ListItem","position":1,"name":"Home","item":"https:\/\/revuwire.com\/"},{"@type":"ListItem","position":2,"name":"Qui sommes-nous?"}]},{"@type":"WebSite","@id":"https:\/\/revuwire.com\/#website","url":"https:\/\/revuwire.com\/","name":"Revuwire","description":"Internet Marketing Blog &amp; Best Websites Per Niche Aggregate","publisher":{"@id":"https:\/\/revuwire.com\/#organization"},"potentialAction":[{"@type":"SearchAction","target":{"@type":"EntryPoint","urlTemplate":"https:\/\/revuwire.com\/?s={search_term_string}"},"query-input":{"@type":"PropertyValueSpecification","valueRequired":true,"valueName":"search_term_string"}}],"inLanguage":"fr-FR"},{"@type":"Organization","@id":"https:\/\/revuwire.com\/#organization","name":"Revuwire","url":"https:\/\/revuwire.com\/","logo":{"@type":"ImageObject","inLanguage":"fr-FR","@id":"https:\/\/revuwire.com\/#\/schema\/logo\/image\/","url":"https:\/\/i0.wp.com\/revuwire.com\/wp-content\/uploads\/2025\/01\/revuwire-logo.jpg?fit=222%2C67&ssl=1","contentUrl":"https:\/\/i0.wp.com\/revuwire.com\/wp-content\/uploads\/2025\/01\/revuwire-logo.jpg?fit=222%2C67&ssl=1","width":222,"height":67,"caption":"Revuwire"},"image":{"@id":"https:\/\/revuwire.com\/#\/schema\/logo\/image\/"}}]}},"jetpack_sharing_enabled":true,"_links":{"self":[{"href":"https:\/\/revuwire.com\/fr\/wp-json\/wp\/v2\/pages\/35694","targetHints":{"allow":["GET"]}}],"collection":[{"href":"https:\/\/revuwire.com\/fr\/wp-json\/wp\/v2\/pages"}],"about":[{"href":"https:\/\/revuwire.com\/fr\/wp-json\/wp\/v2\/types\/page"}],"author":[{"embeddable":true,"href":"https:\/\/revuwire.com\/fr\/wp-json\/wp\/v2\/users\/3"}],"replies":[{"embeddable":true,"href":"https:\/\/revuwire.com\/fr\/wp-json\/wp\/v2\/comments?post=35694"}],"version-history":[{"count":0,"href":"https:\/\/revuwire.com\/fr\/wp-json\/wp\/v2\/pages\/35694\/revisions"}],"wp:attachment":[{"href":"https:\/\/revuwire.com\/fr\/wp-json\/wp\/v2\/media?parent=35694"}],"curies":[{"name":"wp","href":"https:\/\/api.w.org\/{rel}","templated":true}]}}