{"id":35736,"date":"2017-07-25T23:02:28","date_gmt":"2017-07-25T23:02:28","guid":{"rendered":"https:\/\/revuwire.com\/?page_id=35736\/"},"modified":"2017-07-25T23:02:53","modified_gmt":"2017-07-25T23:02:53","slug":"revuwire-contatti","status":"publish","type":"page","link":"https:\/\/revuwire.com\/it\/revuwire-contatti\/","title":{"rendered":"Revuwire &#038; Contatti"},"content":{"rendered":"<p>Revuwire \u00e8 il supervisore di qualit\u00e0 di internet. Classifica i migliori siti web, le app e le soluzioni internet in base alla loro qualit\u00e0 e ai giudizi condivisi dalla gente. Utilizziamo tutti i metodi statistici come dati, umero di visitatori mensili, di condivisioni sui social e la reputazione online. In aggiunta, continuiamo a seguire gli sviluppi sul web e li mostriamo visivamente con grafici, infografici e brevi post dei blog.<\/p>\n<p>Contatti<br \/>\nCredi che il tuo sito web debba essere messo in lista? Non esitare a contattarci al seguente indirizzo staff@revuwire.com<\/p>\n","protected":false},"excerpt":{"rendered":"<p>Revuwire \u00e8 il supervisore di qualit\u00e0 di internet. Classifica i migliori siti web, le app e le soluzioni internet in base alla loro qualit\u00e0 e ai giudizi condivisi dalla gente. Utilizziamo tutti i metodi statistici come dati, umero di visitatori mensili, di condivisioni sui social e la reputazione online. In aggiunta, continuiamo a seguire gli&#8230;<\/p>\n","protected":false},"author":3,"featured_media":0,"parent":0,"menu_order":0,"comment_status":"closed","ping_status":"closed","template":"","meta":{"_acf_changed":false,"footnotes":""},"class_list":["post-35736","page","type-page","status-publish","hentry"],"acf":[],"yoast_head":"<!-- This site is optimized with the Yoast SEO plugin v27.4 - https:\/\/yoast.com\/product\/yoast-seo-wordpress\/ -->\n<title>Revuwire &amp; Contatti &#8226; Revuwire<\/title>\n<meta name=\"robots\" content=\"index, follow, max-snippet:-1, max-image-preview:large, max-video-preview:-1\" \/>\n<meta property=\"og:locale\" content=\"it_IT\" \/>\n<meta property=\"og:type\" content=\"article\" \/>\n<meta property=\"og:title\" content=\"Revuwire &amp; Contatti &#8226; Revuwire\" \/>\n<meta property=\"og:description\" content=\"Revuwire \u00e8 il supervisore di qualit\u00e0 di internet. Classifica i migliori siti web, le app e le soluzioni internet in base alla loro qualit\u00e0 e ai giudizi condivisi dalla gente. Utilizziamo tutti i metodi statistici come dati, umero di visitatori mensili, di condivisioni sui social e la reputazione online. In aggiunta, continuiamo a seguire gli...\" \/>\n<meta property=\"og:url\" content=\"https:\/\/revuwire.com\/it\/revuwire-contatti\/\" \/>\n<meta property=\"og:site_name\" content=\"Revuwire\" \/>\n<meta property=\"article:modified_time\" content=\"2017-07-25T23:02:53+00:00\" \/>\n<script type=\"application\/ld+json\" class=\"yoast-schema-graph\">{\"@context\":\"https:\\\/\\\/schema.org\",\"@graph\":[{\"@type\":\"WebPage\",\"@id\":\"https:\\\/\\\/revuwire.com\\\/it\\\/revuwire-contatti\\\/\",\"url\":\"https:\\\/\\\/revuwire.com\\\/it\\\/revuwire-contatti\\\/\",\"name\":\"Revuwire & Contatti &#8226; Revuwire\",\"isPartOf\":{\"@id\":\"https:\\\/\\\/revuwire.com\\\/#website\"},\"datePublished\":\"2017-07-25T23:02:28+00:00\",\"dateModified\":\"2017-07-25T23:02:53+00:00\",\"breadcrumb\":{\"@id\":\"https:\\\/\\\/revuwire.com\\\/it\\\/revuwire-contatti\\\/#breadcrumb\"},\"inLanguage\":\"it-IT\",\"potentialAction\":[{\"@type\":\"ReadAction\",\"target\":[\"https:\\\/\\\/revuwire.com\\\/it\\\/revuwire-contatti\\\/\"]}]},{\"@type\":\"BreadcrumbList\",\"@id\":\"https:\\\/\\\/revuwire.com\\\/it\\\/revuwire-contatti\\\/#breadcrumb\",\"itemListElement\":[{\"@type\":\"ListItem\",\"position\":1,\"name\":\"Home\",\"item\":\"https:\\\/\\\/revuwire.com\\\/\"},{\"@type\":\"ListItem\",\"position\":2,\"name\":\"Revuwire &#038; Contatti\"}]},{\"@type\":\"WebSite\",\"@id\":\"https:\\\/\\\/revuwire.com\\\/#website\",\"url\":\"https:\\\/\\\/revuwire.com\\\/\",\"name\":\"Revuwire\",\"description\":\"Internet Marketing Blog &amp; Best Websites Per Niche Aggregate\",\"publisher\":{\"@id\":\"https:\\\/\\\/revuwire.com\\\/#organization\"},\"potentialAction\":[{\"@type\":\"SearchAction\",\"target\":{\"@type\":\"EntryPoint\",\"urlTemplate\":\"https:\\\/\\\/revuwire.com\\\/?s={search_term_string}\"},\"query-input\":{\"@type\":\"PropertyValueSpecification\",\"valueRequired\":true,\"valueName\":\"search_term_string\"}}],\"inLanguage\":\"it-IT\"},{\"@type\":\"Organization\",\"@id\":\"https:\\\/\\\/revuwire.com\\\/#organization\",\"name\":\"Revuwire\",\"url\":\"https:\\\/\\\/revuwire.com\\\/\",\"logo\":{\"@type\":\"ImageObject\",\"inLanguage\":\"it-IT\",\"@id\":\"https:\\\/\\\/revuwire.com\\\/#\\\/schema\\\/logo\\\/image\\\/\",\"url\":\"https:\\\/\\\/i0.wp.com\\\/revuwire.com\\\/wp-content\\\/uploads\\\/2025\\\/01\\\/revuwire-logo.jpg?fit=222%2C67&ssl=1\",\"contentUrl\":\"https:\\\/\\\/i0.wp.com\\\/revuwire.com\\\/wp-content\\\/uploads\\\/2025\\\/01\\\/revuwire-logo.jpg?fit=222%2C67&ssl=1\",\"width\":222,\"height\":67,\"caption\":\"Revuwire\"},\"image\":{\"@id\":\"https:\\\/\\\/revuwire.com\\\/#\\\/schema\\\/logo\\\/image\\\/\"}}]}<\/script>\n<!-- \/ Yoast SEO plugin. -->","yoast_head_json":{"title":"Revuwire & Contatti &#8226; Revuwire","robots":{"index":"index","follow":"follow","max-snippet":"max-snippet:-1","max-image-preview":"max-image-preview:large","max-video-preview":"max-video-preview:-1"},"og_locale":"it_IT","og_type":"article","og_title":"Revuwire & Contatti &#8226; Revuwire","og_description":"Revuwire \u00e8 il supervisore di qualit\u00e0 di internet. Classifica i migliori siti web, le app e le soluzioni internet in base alla loro qualit\u00e0 e ai giudizi condivisi dalla gente. Utilizziamo tutti i metodi statistici come dati, umero di visitatori mensili, di condivisioni sui social e la reputazione online. In aggiunta, continuiamo a seguire gli...","og_url":"https:\/\/revuwire.com\/it\/revuwire-contatti\/","og_site_name":"Revuwire","article_modified_time":"2017-07-25T23:02:53+00:00","schema":{"@context":"https:\/\/schema.org","@graph":[{"@type":"WebPage","@id":"https:\/\/revuwire.com\/it\/revuwire-contatti\/","url":"https:\/\/revuwire.com\/it\/revuwire-contatti\/","name":"Revuwire & Contatti &#8226; Revuwire","isPartOf":{"@id":"https:\/\/revuwire.com\/#website"},"datePublished":"2017-07-25T23:02:28+00:00","dateModified":"2017-07-25T23:02:53+00:00","breadcrumb":{"@id":"https:\/\/revuwire.com\/it\/revuwire-contatti\/#breadcrumb"},"inLanguage":"it-IT","potentialAction":[{"@type":"ReadAction","target":["https:\/\/revuwire.com\/it\/revuwire-contatti\/"]}]},{"@type":"BreadcrumbList","@id":"https:\/\/revuwire.com\/it\/revuwire-contatti\/#breadcrumb","itemListElement":[{"@type":"ListItem","position":1,"name":"Home","item":"https:\/\/revuwire.com\/"},{"@type":"ListItem","position":2,"name":"Revuwire &#038; Contatti"}]},{"@type":"WebSite","@id":"https:\/\/revuwire.com\/#website","url":"https:\/\/revuwire.com\/","name":"Revuwire","description":"Internet Marketing Blog &amp; Best Websites Per Niche Aggregate","publisher":{"@id":"https:\/\/revuwire.com\/#organization"},"potentialAction":[{"@type":"SearchAction","target":{"@type":"EntryPoint","urlTemplate":"https:\/\/revuwire.com\/?s={search_term_string}"},"query-input":{"@type":"PropertyValueSpecification","valueRequired":true,"valueName":"search_term_string"}}],"inLanguage":"it-IT"},{"@type":"Organization","@id":"https:\/\/revuwire.com\/#organization","name":"Revuwire","url":"https:\/\/revuwire.com\/","logo":{"@type":"ImageObject","inLanguage":"it-IT","@id":"https:\/\/revuwire.com\/#\/schema\/logo\/image\/","url":"https:\/\/i0.wp.com\/revuwire.com\/wp-content\/uploads\/2025\/01\/revuwire-logo.jpg?fit=222%2C67&ssl=1","contentUrl":"https:\/\/i0.wp.com\/revuwire.com\/wp-content\/uploads\/2025\/01\/revuwire-logo.jpg?fit=222%2C67&ssl=1","width":222,"height":67,"caption":"Revuwire"},"image":{"@id":"https:\/\/revuwire.com\/#\/schema\/logo\/image\/"}}]}},"jetpack_sharing_enabled":true,"_links":{"self":[{"href":"https:\/\/revuwire.com\/it\/wp-json\/wp\/v2\/pages\/35736","targetHints":{"allow":["GET"]}}],"collection":[{"href":"https:\/\/revuwire.com\/it\/wp-json\/wp\/v2\/pages"}],"about":[{"href":"https:\/\/revuwire.com\/it\/wp-json\/wp\/v2\/types\/page"}],"author":[{"embeddable":true,"href":"https:\/\/revuwire.com\/it\/wp-json\/wp\/v2\/users\/3"}],"replies":[{"embeddable":true,"href":"https:\/\/revuwire.com\/it\/wp-json\/wp\/v2\/comments?post=35736"}],"version-history":[{"count":0,"href":"https:\/\/revuwire.com\/it\/wp-json\/wp\/v2\/pages\/35736\/revisions"}],"wp:attachment":[{"href":"https:\/\/revuwire.com\/it\/wp-json\/wp\/v2\/media?parent=35736"}],"curies":[{"name":"wp","href":"https:\/\/api.w.org\/{rel}","templated":true}]}}